{"id":3293,"date":"2024-05-23T12:50:58","date_gmt":"2024-05-23T10:50:58","guid":{"rendered":"https:\/\/stage-bears.edubears.pl\/polityka-prywatnosci-2\/"},"modified":"2025-02-14T11:07:35","modified_gmt":"2025-02-14T10:07:35","slug":"privacy-policy-2","status":"publish","type":"page","link":"https:\/\/stage-bears.edubears.pl\/en\/privacy-policy-2\/","title":{"rendered":"Privacy Policy EN ES SK CS "},"content":{"rendered":"<h2 class=\"wp-block-heading\">Kim jeste\u015bmy<\/h2><p><strong class=\"privacy-policy-tutorial\">Sugerowany tekst: <\/strong>Adres naszej strony internetowej to: https:\/\/stage-bears.edubears.pl.<\/p><h2 class=\"wp-block-heading\">Komentarze<\/h2><p><strong class=\"privacy-policy-tutorial\">Sugerowany tekst: <\/strong>Kiedy odwiedzaj\u0105cy witryn\u0119 zostawia komentarz, zbieramy dane widoczne w&nbsp;formularzu komentowania, jak&nbsp;i&nbsp;adres IP odwiedzaj\u0105cego oraz&nbsp;podpis jego przegl\u0105darki jako pomoc przy wykrywaniu spamu.<\/p><p>Anonimizowany ci\u0105g znak\u00f3w utworzony z&nbsp;twojego adresu e-mail (zwany te\u017c hashem) mo\u017ce zosta\u0107 przes\u0142any do&nbsp;us\u0142ugi Gravatar w&nbsp;celu sprawdzenia czy&nbsp;jest u\u017cywany. Polityka prywatno\u015bci us\u0142ugi Gravatar jest dost\u0119pna pod&nbsp;adresem: https:\/\/automattic.com\/privacy\/. Po&nbsp;zatwierdzeniu komentarza tw\u00f3j obrazek profilowy jest widoczny publicznie w&nbsp;kontek\u015bcie twojego komentarza.<\/p><h2 class=\"wp-block-heading\">Media<\/h2><p><strong class=\"privacy-policy-tutorial\">Sugerowany tekst: <\/strong>Je\u015bli jeste\u015b zarejestrowanym u\u017cytkownikiem i&nbsp;wgrywasz na&nbsp;witryn\u0119 obrazki, powiniene\u015b unika\u0107 przesy\u0142ania obrazk\u00f3w z&nbsp;tagami EXIF lokalizacji. Odwiedzaj\u0105cy stron\u0119 mog\u0105 pobra\u0107 i&nbsp;odczyta\u0107 pe\u0142ne dane lokalizacyjne z&nbsp;obrazk\u00f3w w&nbsp;witrynie.<\/p><h2 class=\"wp-block-heading\">Ciasteczka<\/h2><p><strong class=\"privacy-policy-tutorial\">Sugerowany tekst: <\/strong>Je\u015bli skomentujesz co\u015b w&nbsp;witrynie, b\u0119dzie mo\u017cna wybra\u0107 opcj\u0119 zapisu nazwy, adresu e-mail i&nbsp;witryny internetowej w&nbsp;ciasteczkach, dzi\u0119ki kt\u00f3rym podczas pisania kolejnych komentarzy powy\u017csze informacje b\u0119d\u0105 ju\u017c&nbsp;dogodnie uzupe\u0142nione. Ciasteczka wygasaj\u0105 po&nbsp;roku.<\/p><p>Je\u015bli odwiedzisz stron\u0119 logowania, utworzymy tymczasowe ciasteczko na&nbsp;potrzeby sprawdzenia czy&nbsp;twoja przegl\u0105darka akceptuje ciasteczka. Nie&nbsp;zawiera ono \u017cadnych danych osobistych i&nbsp;zostanie usuni\u0119te, kiedy przegl\u0105darka zostanie zamkni\u0119ta.<\/p><p>Podczas logowania tworzymy dodatkowo kilka ciasteczek potrzebnych do&nbsp;zapisu twoich informacji logowania oraz&nbsp;wybranych opcji ekranu. Ciasteczka logowania wygasaj\u0105 po&nbsp;dw\u00f3ch dniach, a&nbsp;opcji ekranu po&nbsp;roku. Je\u015bli zaznaczysz opcj\u0119 &bdquo;Pami\u0119taj mnie&rdquo;, logowanie wyga\u015bnie po&nbsp;dw\u00f3ch tygodniach. Je\u015bli wylogujesz si\u0119&nbsp;ze&nbsp;swojego konta, ciasteczka logowania zostan\u0105 usuni\u0119te.<\/p><p>Je\u015bli zmodyfikujesz albo opublikujesz artyku\u0142, w&nbsp;twojej przegl\u0105darce zostanie zapisane dodatkowe ciasteczko. To&nbsp;ciasteczko nie&nbsp;zawiera \u017cadnych danych osobistych, wskazuj\u0105c po&nbsp;prostu na&nbsp;identyfikator przed chwil\u0105 edytowanego artyku\u0142u. Wygasa ono po&nbsp;1 dniu.<\/p><h2 class=\"wp-block-heading\">Osadzone tre\u015bci z&nbsp;innych witryn<\/h2><p><strong class=\"privacy-policy-tutorial\">Sugerowany tekst: <\/strong>Artyku\u0142y na&nbsp;tej witrynie mog\u0105 zawiera\u0107 osadzone tre\u015bci (np. filmy, obrazki, artyku\u0142y itp.). Osadzone tre\u015bci z&nbsp;innych witryn zachowuj\u0105 si\u0119&nbsp;analogicznie do&nbsp;tego, jakby u\u017cytkownik odwiedzi\u0142 bezpo\u015brednio konkretn\u0105 witryn\u0119.<\/p><p>Witryny mog\u0105 zbiera\u0107 informacje o&nbsp;tobie, u\u017cywa\u0107 ciasteczek, do\u0142\u0105cza\u0107 dodatkowe, zewn\u0119trzne systemy \u015bledzenia i&nbsp;monitorowa\u0107 twoje interakcje z&nbsp;osadzonym materia\u0142em, w\u0142\u0105czaj\u0105c w&nbsp;to&nbsp;\u015bledzenie twoich interakcji z&nbsp;osadzonym materia\u0142em je\u015bli posiadasz konto i&nbsp;jeste\u015b zalogowany w&nbsp;tamtej witrynie.<\/p><h2 class=\"wp-block-heading\">Z kim dzielimy si\u0119&nbsp;danymi<\/h2><p><strong class=\"privacy-policy-tutorial\">Sugerowany tekst: <\/strong>Je\u015bli za\u017c\u0105dasz zresetowania has\u0142a, tw\u00f3j adres IP zostanie do\u0142\u0105czony do&nbsp;wysy\u0142anej wiadomo\u015bci.<\/p><h2 class=\"wp-block-heading\">Jak d\u0142ugo przechowujemy twoje dane<\/h2><p><strong class=\"privacy-policy-tutorial\">Sugerowany tekst: <\/strong>Je\u015bli zostawisz komentarz, jego tre\u015b\u0107 i&nbsp;metadane b\u0119d\u0105 przechowywane przez czas nieokre\u015blony. Dzi\u0119ki temu jeste\u015bmy w&nbsp;stanie rozpoznawa\u0107 i&nbsp;zatwierdza\u0107 kolejne komentarze automatycznie, bez&nbsp;wysy\u0142ania ich&nbsp;do&nbsp;ka\u017cdorazowej moderacji.<\/p><p>Dla u\u017cytkownik\u00f3w kt\u00f3rzy zarejestrowali si\u0119&nbsp;na&nbsp;naszej stronie internetowej (je\u015bli tacy s\u0105), przechowujemy r\u00f3wnie\u017c informacje osobiste wprowadzone w&nbsp;profilu. Ka\u017cdy u\u017cytkownik mo\u017ce dokona\u0107 wgl\u0105du, korekty albo skasowa\u0107 swoje informacje osobiste w&nbsp;dowolnej chwili (nie licz\u0105c nazwy u\u017cytkownika, kt\u00f3rej nie&nbsp;mo\u017cna zmieni\u0107). Administratorzy strony r\u00f3wnie\u017c mog\u0105 przegl\u0105da\u0107 i&nbsp;modyfikowa\u0107 te&nbsp;informacje.<\/p><h2 class=\"wp-block-heading\">Jakie masz prawa do&nbsp;swoich danych<\/h2><p><strong class=\"privacy-policy-tutorial\">Sugerowany tekst: <\/strong>Je\u015bli masz konto u\u017cytkownika albo doda\u0142e\u015b komentarze w&nbsp;tej witrynie, mo\u017cesz za\u017c\u0105da\u0107 dostarczenia pliku z&nbsp;wyeksportowanym kompletem twoich danych osobistych b\u0119d\u0105cych w&nbsp;naszym posiadaniu, w&nbsp;tym ca\u0142o\u015b\u0107 tych dostarczonych przez ciebie. Mo\u017cesz r\u00f3wnie\u017c za\u017c\u0105da\u0107 usuni\u0119cia przez nas&nbsp;ca\u0142o\u015bci twoich danych osobistych w&nbsp;naszym posiadaniu. Nie&nbsp;dotyczy to&nbsp;\u017cadnych danych kt\u00f3re jeste\u015bmy zobligowani zachowa\u0107 ze&nbsp;wzgl\u0119d\u00f3w administracyjnych, prawnych albo bezpiecze\u0144stwa.<\/p><h2 class=\"wp-block-heading\">Gdzie wys\u0142amy twoje dane<\/h2><p><strong class=\"privacy-policy-tutorial\">Sugerowany tekst: <\/strong>Komentarze go\u015bci mog\u0105 by\u0107&nbsp;sprawdzane za&nbsp;pomoc\u0105 automatycznej us\u0142ugi wykrywania spamu.<\/p> ","protected":false},"excerpt":{"rendered":"<p>Kim jeste\u015bmy Sugerowany tekst: Adres naszej strony internetowej to: https:\/\/stage-bears.edubears.pl. Komentarze Sugerowany tekst: Kiedy odwiedzaj\u0105cy witryn\u0119 zostawia komentarz, zbieramy dane widoczne w&nbsp;formularzu komentowania, jak&nbsp;i&nbsp;adres IP odwiedzaj\u0105cego oraz&nbsp;podpis jego przegl\u0105darki jako pomoc przy wykrywaniu spamu. Anonimizowany ci\u0105g znak\u00f3w utworzony z&nbsp;twojego adresu e-mail (zwany te\u017c hashem) mo\u017ce zosta\u0107 przes\u0142any do&nbsp;us\u0142ugi Gravatar w&nbsp;celu sprawdzenia czy&nbsp;jest u\u017cywany. Polityka prywatno\u015bci &hellip; <a href=\"https:\/\/stage-bears.edubears.pl\/en\/privacy-policy-2\/\">Continued<\/a><\/p>\n","protected":false},"author":14,"featured_media":0,"parent":0,"menu_order":0,"comment_status":"closed","ping_status":"open","template":"policy-page.blade.php","meta":{"_acf_changed":false},"class_list":["post-3293","page","type-page","status-publish","hentry"],"acf":[],"yoast_head":"<!-- This site is optimized with the Yoast SEO plugin v27.4 - https:\/\/yoast.com\/product\/yoast-seo-wordpress\/ -->\n<title>Privacy Policy EN ES SK CS - Edu Bears<\/title>\n<meta name=\"robots\" content=\"noindex, follow, max-snippet:-1, max-image-preview:large, max-video-preview:-1\" \/>\n<meta property=\"og:locale\" content=\"en_US\" \/>\n<meta property=\"og:type\" content=\"article\" \/>\n<meta property=\"og:title\" content=\"Privacy Policy EN ES SK CS - Edu Bears\" \/>\n<meta property=\"og:description\" content=\"Kim jeste\u015bmy Sugerowany tekst: Adres naszej strony internetowej to: https:\/\/stage-bears.edubears.pl. Komentarze Sugerowany tekst: Kiedy odwiedzaj\u0105cy witryn\u0119 zostawia komentarz, zbieramy dane widoczne w&nbsp;formularzu komentowania, jak&nbsp;i&nbsp;adres IP odwiedzaj\u0105cego oraz&nbsp;podpis jego przegl\u0105darki jako pomoc przy wykrywaniu spamu. Anonimizowany ci\u0105g znak\u00f3w utworzony z&nbsp;twojego adresu e-mail (zwany te\u017c hashem) mo\u017ce zosta\u0107 przes\u0142any do&nbsp;us\u0142ugi Gravatar w&nbsp;celu sprawdzenia czy&nbsp;jest u\u017cywany. Polityka prywatno\u015bci &hellip; Continued\" \/>\n<meta property=\"og:url\" content=\"https:\/\/stage-bears.edubears.pl\/en\/privacy-policy-2\/\" \/>\n<meta property=\"og:site_name\" content=\"Edu Bears\" \/>\n<meta property=\"article:modified_time\" content=\"2025-02-14T10:07:35+00:00\" \/>\n<meta name=\"twitter:card\" content=\"summary_large_image\" \/>\n<script type=\"application\/ld+json\" class=\"yoast-schema-graph\">{\"@context\":\"https:\\\/\\\/schema.org\",\"@graph\":[{\"@type\":\"WebPage\",\"@id\":\"https:\\\/\\\/stage-bears.edubears.pl\\\/en\\\/privacy-policy-2\\\/\",\"url\":\"https:\\\/\\\/stage-bears.edubears.pl\\\/en\\\/privacy-policy-2\\\/\",\"name\":\"Privacy Policy EN ES SK CS - Edu Bears\",\"isPartOf\":{\"@id\":\"https:\\\/\\\/stage-bears.edubears.pl\\\/#website\"},\"datePublished\":\"2024-05-23T10:50:58+00:00\",\"dateModified\":\"2025-02-14T10:07:35+00:00\",\"breadcrumb\":{\"@id\":\"https:\\\/\\\/stage-bears.edubears.pl\\\/en\\\/privacy-policy-2\\\/#breadcrumb\"},\"inLanguage\":\"en-US\",\"potentialAction\":[{\"@type\":\"ReadAction\",\"target\":[\"https:\\\/\\\/stage-bears.edubears.pl\\\/en\\\/privacy-policy-2\\\/\"]}]},{\"@type\":\"BreadcrumbList\",\"@id\":\"https:\\\/\\\/stage-bears.edubears.pl\\\/en\\\/privacy-policy-2\\\/#breadcrumb\",\"itemListElement\":[{\"@type\":\"ListItem\",\"position\":1,\"name\":\"Strona g\u0142\u00f3wna\",\"item\":\"https:\\\/\\\/stage-bears.edubears.pl\\\/en\\\/\"},{\"@type\":\"ListItem\",\"position\":2,\"name\":\"Privacy Policy EN ES SK CS\"}]},{\"@type\":\"WebSite\",\"@id\":\"https:\\\/\\\/stage-bears.edubears.pl\\\/#website\",\"url\":\"https:\\\/\\\/stage-bears.edubears.pl\\\/\",\"name\":\"Edu Bears\",\"description\":\"Skuteczne metody nauczania j\u0119zyka angielskiego dla dzieci\",\"publisher\":{\"@id\":\"https:\\\/\\\/stage-bears.edubears.pl\\\/#organization\"},\"alternateName\":\"Edu Bears\",\"potentialAction\":[{\"@type\":\"SearchAction\",\"target\":{\"@type\":\"EntryPoint\",\"urlTemplate\":\"https:\\\/\\\/stage-bears.edubears.pl\\\/?s={search_term_string}\"},\"query-input\":{\"@type\":\"PropertyValueSpecification\",\"valueRequired\":true,\"valueName\":\"search_term_string\"}}],\"inLanguage\":\"en-US\"},{\"@type\":\"Organization\",\"@id\":\"https:\\\/\\\/stage-bears.edubears.pl\\\/#organization\",\"name\":\"Edu Bears\",\"url\":\"https:\\\/\\\/stage-bears.edubears.pl\\\/\",\"logo\":{\"@type\":\"ImageObject\",\"inLanguage\":\"en-US\",\"@id\":\"https:\\\/\\\/stage-bears.edubears.pl\\\/#\\\/schema\\\/logo\\\/image\\\/\",\"url\":\"https:\\\/\\\/stage-bears.edubears.pl\\\/wp-content\\\/uploads\\\/2024\\\/04\\\/logo.svg\",\"contentUrl\":\"https:\\\/\\\/stage-bears.edubears.pl\\\/wp-content\\\/uploads\\\/2024\\\/04\\\/logo.svg\",\"width\":1,\"height\":1,\"caption\":\"Edu Bears\"},\"image\":{\"@id\":\"https:\\\/\\\/stage-bears.edubears.pl\\\/#\\\/schema\\\/logo\\\/image\\\/\"}}]}<\/script>\n<!-- \/ Yoast SEO plugin. -->","yoast_head_json":{"title":"Privacy Policy EN ES SK CS - Edu Bears","robots":{"index":"noindex","follow":"follow","max-snippet":"max-snippet:-1","max-image-preview":"max-image-preview:large","max-video-preview":"max-video-preview:-1"},"og_locale":"en_US","og_type":"article","og_title":"Privacy Policy EN ES SK CS - Edu Bears","og_description":"Kim jeste\u015bmy Sugerowany tekst: Adres naszej strony internetowej to: https:\/\/stage-bears.edubears.pl. Komentarze Sugerowany tekst: Kiedy odwiedzaj\u0105cy witryn\u0119 zostawia komentarz, zbieramy dane widoczne w&nbsp;formularzu komentowania, jak&nbsp;i&nbsp;adres IP odwiedzaj\u0105cego oraz&nbsp;podpis jego przegl\u0105darki jako pomoc przy wykrywaniu spamu. Anonimizowany ci\u0105g znak\u00f3w utworzony z&nbsp;twojego adresu e-mail (zwany te\u017c hashem) mo\u017ce zosta\u0107 przes\u0142any do&nbsp;us\u0142ugi Gravatar w&nbsp;celu sprawdzenia czy&nbsp;jest u\u017cywany. Polityka prywatno\u015bci &hellip; Continued","og_url":"https:\/\/stage-bears.edubears.pl\/en\/privacy-policy-2\/","og_site_name":"Edu Bears","article_modified_time":"2025-02-14T10:07:35+00:00","twitter_card":"summary_large_image","schema":{"@context":"https:\/\/schema.org","@graph":[{"@type":"WebPage","@id":"https:\/\/stage-bears.edubears.pl\/en\/privacy-policy-2\/","url":"https:\/\/stage-bears.edubears.pl\/en\/privacy-policy-2\/","name":"Privacy Policy EN ES SK CS - Edu Bears","isPartOf":{"@id":"https:\/\/stage-bears.edubears.pl\/#website"},"datePublished":"2024-05-23T10:50:58+00:00","dateModified":"2025-02-14T10:07:35+00:00","breadcrumb":{"@id":"https:\/\/stage-bears.edubears.pl\/en\/privacy-policy-2\/#breadcrumb"},"inLanguage":"en-US","potentialAction":[{"@type":"ReadAction","target":["https:\/\/stage-bears.edubears.pl\/en\/privacy-policy-2\/"]}]},{"@type":"BreadcrumbList","@id":"https:\/\/stage-bears.edubears.pl\/en\/privacy-policy-2\/#breadcrumb","itemListElement":[{"@type":"ListItem","position":1,"name":"Strona g\u0142\u00f3wna","item":"https:\/\/stage-bears.edubears.pl\/en\/"},{"@type":"ListItem","position":2,"name":"Privacy Policy EN ES SK CS"}]},{"@type":"WebSite","@id":"https:\/\/stage-bears.edubears.pl\/#website","url":"https:\/\/stage-bears.edubears.pl\/","name":"Edu Bears","description":"Skuteczne metody nauczania j\u0119zyka angielskiego dla dzieci","publisher":{"@id":"https:\/\/stage-bears.edubears.pl\/#organization"},"alternateName":"Edu Bears","potentialAction":[{"@type":"SearchAction","target":{"@type":"EntryPoint","urlTemplate":"https:\/\/stage-bears.edubears.pl\/?s={search_term_string}"},"query-input":{"@type":"PropertyValueSpecification","valueRequired":true,"valueName":"search_term_string"}}],"inLanguage":"en-US"},{"@type":"Organization","@id":"https:\/\/stage-bears.edubears.pl\/#organization","name":"Edu Bears","url":"https:\/\/stage-bears.edubears.pl\/","logo":{"@type":"ImageObject","inLanguage":"en-US","@id":"https:\/\/stage-bears.edubears.pl\/#\/schema\/logo\/image\/","url":"https:\/\/stage-bears.edubears.pl\/wp-content\/uploads\/2024\/04\/logo.svg","contentUrl":"https:\/\/stage-bears.edubears.pl\/wp-content\/uploads\/2024\/04\/logo.svg","width":1,"height":1,"caption":"Edu Bears"},"image":{"@id":"https:\/\/stage-bears.edubears.pl\/#\/schema\/logo\/image\/"}}]}},"_links":{"self":[{"href":"https:\/\/stage-bears.edubears.pl\/en\/wp-json\/wp\/v2\/pages\/3293","targetHints":{"allow":["GET"]}}],"collection":[{"href":"https:\/\/stage-bears.edubears.pl\/en\/wp-json\/wp\/v2\/pages"}],"about":[{"href":"https:\/\/stage-bears.edubears.pl\/en\/wp-json\/wp\/v2\/types\/page"}],"author":[{"embeddable":true,"href":"https:\/\/stage-bears.edubears.pl\/en\/wp-json\/wp\/v2\/users\/14"}],"replies":[{"embeddable":true,"href":"https:\/\/stage-bears.edubears.pl\/en\/wp-json\/wp\/v2\/comments?post=3293"}],"version-history":[{"count":4,"href":"https:\/\/stage-bears.edubears.pl\/en\/wp-json\/wp\/v2\/pages\/3293\/revisions"}],"predecessor-version":[{"id":3298,"href":"https:\/\/stage-bears.edubears.pl\/en\/wp-json\/wp\/v2\/pages\/3293\/revisions\/3298"}],"wp:attachment":[{"href":"https:\/\/stage-bears.edubears.pl\/en\/wp-json\/wp\/v2\/media?parent=3293"}],"curies":[{"name":"wp","href":"https:\/\/api.w.org\/{rel}","templated":true}]}}